{"id":236,"date":"2011-12-30T15:31:19","date_gmt":"2011-12-30T15:31:19","guid":{"rendered":"http:\/\/localhost:8888\/ultramagic.at\/?page_id=236"},"modified":"2023-04-21T14:45:09","modified_gmt":"2023-04-21T14:45:09","slug":"ausbildung","status":"publish","type":"page","link":"https:\/\/www.ultramagic.at\/?page_id=236","title":{"rendered":"Ausbildung"},"content":{"rendered":"<p>Falls es immer schon ihr Traum war selbst Ballonpilot zu werden, sind Sie bei uns an der richtigen Adresse<\/p>\n<p><strong>Voraussetzungen f\u00fcr die Pilotenausbildung:<\/strong><br \/>\nMindestalter von 17 Jahren, polizeiliches F\u00fchrungszeugnis und flug\u00e4rztliches Attest<\/p>\n<p><strong>Theorie:<\/strong><br \/>\nLuftrecht, allgemeine Luftfahrzeugkenntnisse (Ballonkunde), Flugleistung und Flugplanung (Selfbriefing, etc), menschliches Leistungsverm\u00f6gen (Humanfaktoren, Sauerstoff, Medikamente, etc), Meteorologie, Navigation, flugbetriebliche Verfahren (Verhalten, Propan etc), Aerodynamik (Aerostatik)<\/p>\n<p><strong>Praxis:<\/strong><br \/>\nMindestens 20 Ausbildungsfahrten von mindestens je 60 Minuten Dauer mit Lehrer.<\/p>\n<p><strong>Termin:<\/strong><br \/>\nnach Vereinbarung<\/p>\n<p><strong>Kontakt:<\/strong><br \/>\nBallonlehrer:<br \/>\nIng. Rudolf Schneider<br \/>\nballon(at)ultramagic.at<br \/>\nTel.: +43 (0)676 318 41 54<\/p>\n","protected":false},"excerpt":{"rendered":"<p>Falls es immer schon ihr Traum war selbst Ballonpilot zu werden, sind Sie bei uns an der richtigen Adresse Voraussetzungen f\u00fcr die Pilotenausbildung: Mindestalter von 17 Jahren, polizeiliches F\u00fchrungszeugnis und flug\u00e4rztliches Attest Theorie: Luftrecht, allgemeine Luftfahrzeugkenntnisse (Ballonkunde), Flugleistung und Flugplanung &hellip; <a href=\"https:\/\/www.ultramagic.at\/?page_id=236\">Continue reading <span class=\"meta-nav\">&rarr;<\/span><\/a><\/p>\n","protected":false},"author":1,"featured_media":0,"parent":0,"menu_order":9,"comment_status":"closed","ping_status":"closed","template":"","meta":{"footnotes":""},"class_list":["post-236","page","type-page","status-publish","hentry"],"_links":{"self":[{"href":"https:\/\/www.ultramagic.at\/index.php?rest_route=\/wp\/v2\/pages\/236","targetHints":{"allow":["GET"]}}],"collection":[{"href":"https:\/\/www.ultramagic.at\/index.php?rest_route=\/wp\/v2\/pages"}],"about":[{"href":"https:\/\/www.ultramagic.at\/index.php?rest_route=\/wp\/v2\/types\/page"}],"author":[{"embeddable":true,"href":"https:\/\/www.ultramagic.at\/index.php?rest_route=\/wp\/v2\/users\/1"}],"replies":[{"embeddable":true,"href":"https:\/\/www.ultramagic.at\/index.php?rest_route=%2Fwp%2Fv2%2Fcomments&post=236"}],"version-history":[{"count":1,"href":"https:\/\/www.ultramagic.at\/index.php?rest_route=\/wp\/v2\/pages\/236\/revisions"}],"predecessor-version":[{"id":974,"href":"https:\/\/www.ultramagic.at\/index.php?rest_route=\/wp\/v2\/pages\/236\/revisions\/974"}],"wp:attachment":[{"href":"https:\/\/www.ultramagic.at\/index.php?rest_route=%2Fwp%2Fv2%2Fmedia&parent=236"}],"curies":[{"name":"wp","href":"https:\/\/api.w.org\/{rel}","templated":true}]}}