{"id":233,"date":"2011-12-30T15:30:10","date_gmt":"2011-12-30T15:30:10","guid":{"rendered":"http:\/\/localhost:8888\/ultramagic.at\/?page_id=233"},"modified":"2011-12-30T15:30:10","modified_gmt":"2011-12-30T15:30:10","slug":"service","status":"publish","type":"page","link":"https:\/\/www.ultramagic.at\/?page_id=233","title":{"rendered":"Service"},"content":{"rendered":"<p>Nachstehende Auflistung soll eine Stichwortsammlung bzw. ein Leitfaden durch die rechtliche Situation f\u00fcr Halter von Hei\u00dflufballonen in Bezug auf \u00dcberpr\u00fcfungen, Fristen, Ablaufteile, etc .sein.<br \/>\nDiese Auflistung erhebt keinen Anspruch auf Vollst\u00e4ndigkeit.<\/p>\n<p><strong>Gefahrengut<\/strong><br \/>\nADR &#8211; Gefahrenguttransport auf der Strasse<br \/>\n\u00d6IGV: <a href=\"http:\/\/www.oeigv.at\/PDFs\/Infoblatt16.pdf\">Infoblatt 16<\/a> und <a href=\"http:\/\/www.oeigv.at\/PDFs\/Infoblatt17.pdf\">Infoblatt 17<\/a><br \/>\n<strong>weitere Infos:<\/strong><br \/>\n<a href=\"http:\/\/www.bmvit.gv.at\/verkehr\/gesamtverkehr\/gefahrgut\/recht\/index.html\">siehe bmvit<\/a> oder <a href=\"http:\/\/www.bmvit.gv.at\/verkehr\/gesamtverkehr\/gefahrgut\/recht\/index.html\">bmvbs (De)<\/a><br \/>\n<a href=\"http:\/\/www.unece.org\/trans\/danger\/multi\/multi.html\">UNECE Gefahrengut homepage<\/a><br \/>\nM 160 mit 1.Juli 2007 ausgelaufen<br \/>\n<a href=\".\/wp-content\/themes\/twentyeleven\/inc\/bef\u00f6.xls\">Bef\u00f6rderungspapier<\/a><br \/>\n<a href=\"http:\/\/www.unece.org\/trans\/danger\/multi\/multi.html\">link wko<\/a><br \/>\n<img decoding=\"async\" src=\".\/wp-content\/themes\/twentyeleven\/images\/line.png\" alt=\"\" \/><\/p>\n<p><strong>LTAs, LTHs etc. <\/strong><br \/>\nsiehe <a href=\"http:\/\/www.austrocontrol.at\/content\/lfa\/Luftfahrzeuge\/Lufttuechtigkeit_und_Zertifizierung\/LuZ.shtml\">http:\/\/www.austrocontrol.at\/Luftfahrzeuge<\/a><br \/>\n<img decoding=\"async\" src=\".\/wp-content\/themes\/twentyeleven\/images\/line.png\" alt=\"\" \/><\/p>\n<p><strong>Formelle Anerkennung des Part 66 Personals und ARC Empfehlung bei ELA1 Luftfahrzeugen<\/strong><br \/>\n<a href=\"http:\/\/www.austrocontrol.at\/content\/lfa\/Luftfahrzeuge\/Lufttuechtigkeit_und_Zertifizierung\/LuZ.shtml\">LTH 54<\/a><br \/>\n<img decoding=\"async\" src=\".\/wp-content\/themes\/twentyeleven\/images\/line.png\" alt=\"\" \/><\/p>\n<p><strong>Instandhaltungsprogramm:<\/strong><br \/>\n<a href=\"http:\/\/www.austrocontrol.at\/content\/lfa\/Luftfahrzeuge\/Lufttuechtigkeit_und_Zertifizierung\/LuZ.shtml\">LTH 43A<\/a> Anh\u00e4nge A-D siehe<br \/>\n<a href=\"http:\/\/www.austrocontrol.at\/content\/lfa\/Luftfahrzeuge\/Lufttuechtigkeit_und_Zertifizierung\/c_LTH\/lth.shtml\">http:\/\/www.austrocontrol.at\/Luftfahrzeuge\/LTH<\/a><\/p>\n<p><strong>Wiederverwendungsnachpr\u00fcfung<\/strong><br \/>\n<a href=\"http:\/\/www.austrocontrol.at\/Images\/LTH%2041b_tcm586-51617.pdf\">LTH 41b<\/a><br \/>\n<img decoding=\"async\" src=\".\/wp-content\/themes\/twentyeleven\/images\/line.png\" alt=\"\" \/><\/p>\n<p><strong>100 Std. \/ j\u00e4hrliche Kontrolle: <\/strong><br \/>\nsind nach den jeweiligen Herstellerangaben durchzuf\u00fchren.<br \/>\nAbweichungen von Instandhaltungsintervallen<br \/>\n<a href=\"http:\/\/www.austrocontrol.at\/Images\/LTH%2041b_tcm586-51617.pdf\">lt. LTH 36<\/a><br \/>\n<img decoding=\"async\" src=\".\/wp-content\/themes\/twentyeleven\/images\/line.png\" alt=\"\" \/><\/p>\n<p><strong>Transponder: <\/strong><br \/>\nsind alle 24 Monate zu \u00fcberpr\u00fcfen. <a href=\"http:\/\/www.austrocontrol.at\/Images\/LTH%2041b_tcm586-51617.pdf\">LTH 40<\/a><br \/>\n<img decoding=\"async\" src=\".\/wp-content\/themes\/twentyeleven\/images\/line.png\" alt=\"\" \/><\/p>\n<p><strong>Gasschl\u00e4uche: <\/strong><br \/>\nsofern der Hersteller nichts anderes festlegt, sind diese nach 8 Jahren auszuwechseln.<br \/>\nGilt auch f\u00fcr T &#8211; Connections <a href=\"http:\/\/www.austrocontrol.at\/Images\/luft_lta_76_tcm586-47248.pdf\">LTA 76<\/a><br \/>\n<img decoding=\"async\" src=\".\/wp-content\/themes\/twentyeleven\/images\/line.png\" alt=\"\" \/><\/p>\n<p><strong>Gastanks: <\/strong><br \/>\nlt .Herstellerhandbuch zu \u00fcberpr\u00fcfen<br \/>\n<img decoding=\"async\" src=\".\/wp-content\/themes\/twentyeleven\/images\/line.png\" alt=\"\" \/><\/p>\n<p><strong>Gurte &amp; Textile Fl\u00e4chengebilde:<\/strong><br \/>\nsind nach 20 Jahren auszuscheiden &#8211; es sei denn, die geforderten Festigkeitswerte k\u00f6nnen nachgewiesen werden (Ballongewebe, Lastb\u00e4nder). <a href=\"http:\/\/www.austrocontrol.at\/Images\/luft_lta_76_tcm586-47248.pdf\">LTA 91<\/a><br \/>\n<img decoding=\"async\" src=\".\/wp-content\/themes\/twentyeleven\/images\/line.png\" alt=\"\" \/><\/p>\n<p><strong>Austauschbarkeit von Hei\u00dfluftballon Baukomponenten<\/strong><br \/>\n<a href=\"http:\/\/www.austrocontrol.at\/Images\/LTH%2037_tcm586-52223.pdf\">LTH 37<\/a><br \/>\n<img decoding=\"async\" src=\".\/wp-content\/themes\/twentyeleven\/images\/line.png\" alt=\"\" \/><\/p>\n<p><strong>Derzeit erh\u00f6hte Kfz-Haftpflichtversicherung erforderlich! <\/strong><br \/>\nIn \u00d6sterreich ist derzeit selbst bei Freigrenzentransporten nach Unterabschnitt 1.1.3.6 ADR eine erh\u00f6hte Kraftfahrzeug-Haftpflichtversicherung f\u00fcr Gefahrguttransporte nach dem Kraftfahrzeug-Haftpflichtversicherungsgesetz (\u00a79 KHVG) erforderlich (Anh\u00e4nger).<br \/>\n<img decoding=\"async\" src=\".\/wp-content\/themes\/twentyeleven\/images\/line.png\" alt=\"\" \/><\/p>\n","protected":false},"excerpt":{"rendered":"<p>Nachstehende Auflistung soll eine Stichwortsammlung bzw. ein Leitfaden durch die rechtliche Situation f\u00fcr Halter von Hei\u00dflufballonen in Bezug auf \u00dcberpr\u00fcfungen, Fristen, Ablaufteile, etc .sein. Diese Auflistung erhebt keinen Anspruch auf Vollst\u00e4ndigkeit. Gefahrengut ADR &#8211; Gefahrenguttransport auf der Strasse \u00d6IGV: Infoblatt &hellip; <a href=\"https:\/\/www.ultramagic.at\/?page_id=233\">Continue reading <span class=\"meta-nav\">&rarr;<\/span><\/a><\/p>\n","protected":false},"author":1,"featured_media":0,"parent":0,"menu_order":8,"comment_status":"closed","ping_status":"closed","template":"","meta":{"footnotes":""},"class_list":["post-233","page","type-page","status-publish","hentry"],"_links":{"self":[{"href":"https:\/\/www.ultramagic.at\/index.php?rest_route=\/wp\/v2\/pages\/233","targetHints":{"allow":["GET"]}}],"collection":[{"href":"https:\/\/www.ultramagic.at\/index.php?rest_route=\/wp\/v2\/pages"}],"about":[{"href":"https:\/\/www.ultramagic.at\/index.php?rest_route=\/wp\/v2\/types\/page"}],"author":[{"embeddable":true,"href":"https:\/\/www.ultramagic.at\/index.php?rest_route=\/wp\/v2\/users\/1"}],"replies":[{"embeddable":true,"href":"https:\/\/www.ultramagic.at\/index.php?rest_route=%2Fwp%2Fv2%2Fcomments&post=233"}],"version-history":[{"count":0,"href":"https:\/\/www.ultramagic.at\/index.php?rest_route=\/wp\/v2\/pages\/233\/revisions"}],"wp:attachment":[{"href":"https:\/\/www.ultramagic.at\/index.php?rest_route=%2Fwp%2Fv2%2Fmedia&parent=233"}],"curies":[{"name":"wp","href":"https:\/\/api.w.org\/{rel}","templated":true}]}}