{"id":158,"date":"2011-12-30T12:37:25","date_gmt":"2011-12-30T12:37:25","guid":{"rendered":"http:\/\/localhost:8888\/ultramagic.at\/?page_id=158"},"modified":"2023-04-21T14:34:25","modified_gmt":"2023-04-21T14:34:25","slug":"weiter-produkte","status":"publish","type":"page","link":"https:\/\/www.ultramagic.at\/?page_id=158","title":{"rendered":"Produkte\/Service"},"content":{"rendered":"<p><strong>Produkte<\/strong><\/p>\n<ul>\n<li><a href=\".\/?page_id=23\">H\u00fcllen<\/a><\/li>\n<li><a href=\".\/?page_id=14\">K\u00f6rbe<\/a><\/li>\n<li><a href=\".\/?page_id=106\">Brenner<\/a><\/li>\n<li><a href=\".\/?page_id=224\">Zubeh\u00f6r\/Parts<\/a><\/li>\n<\/ul>\n<p><img decoding=\"async\" src=\".\/wp-content\/themes\/twentyeleven\/images\/line.png\" alt=\"\" \/><\/p>\n<p><strong>Service<\/strong><\/p>\n<ul>\n<li><a href=\".\/?page_id=230\">Kontrollen<\/a><\/li>\n<li><a href=\".\/?page_id=233\">Service<\/a><\/li>\n<li><a href=\".\/?page_id=236\">Ausbildung<\/a><\/li>\n<li><a href=\"https:\/\/ultramagic.com\/technical-support\/\" target=\"_blank\" rel=\"noopener\">Manuals<\/a><\/li>\n<\/ul>\n<p><img decoding=\"async\" src=\".\/wp-content\/themes\/twentyeleven\/images\/line.png\" alt=\"\" \/><\/p>\n<p><strong>Tekno 50<\/strong><br \/>\n<a href=\".\/?page_id=217\">mehr Infos&#8230;<\/a><br \/>\n<img decoding=\"async\" src=\".\/wp-content\/themes\/twentyeleven\/images\/tekno_50.jpg\" alt=\"\" \/><br \/>\n<img decoding=\"async\" src=\".\/wp-content\/themes\/twentyeleven\/images\/line.png\" alt=\"\" \/><\/p>\n<p><strong>the Racer<\/strong><br \/>\n<a href=\".\/?page_id=219\" data-wplink-edit=\"true\">mehr Infos&#8230;<\/a><br \/>\n<img decoding=\"async\" src=\".\/wp-content\/themes\/twentyeleven\/images\/racer.jpg\" alt=\"\" \/><br \/>\n<img decoding=\"async\" src=\".\/wp-content\/themes\/twentyeleven\/images\/line.png\" alt=\"\" \/><\/p>\n<p><strong>Solo Cloudhopper f\u00fcr Einzelg\u00e4nger<\/strong><br \/>\n<a href=\"https:\/\/ultramagic.com\/hot-air-balloons\/ultralite-balloons\/solo-duo\/the-solo\/\">mehr Infos&#8230;<\/a><br \/>\n<img decoding=\"async\" src=\".\/wp-content\/themes\/twentyeleven\/images\/solo.jpg\" alt=\"\" \/><br \/>\n<img decoding=\"async\" src=\".\/wp-content\/themes\/twentyeleven\/images\/line.png\" alt=\"\" \/><\/p>\n<p><strong>Duo Cloudhopper f\u00fcr die Zweisamkeit<\/strong><br \/>\n<a href=\"https:\/\/ultramagic.com\/hot-air-balloons\/ultralite-balloons\/solo-duo\/the-duo\/\">mehr Infos&#8230;<\/a><br \/>\n<img decoding=\"async\" src=\".\/wp-content\/themes\/twentyeleven\/images\/duo.jpg\" alt=\"\" \/><br \/>\n<img decoding=\"async\" src=\".\/wp-content\/themes\/twentyeleven\/images\/line.png\" alt=\"\" \/><\/p>\n<p><strong>Magic<\/strong><br \/>\n<a href=\".\/?page_id=221\">mehr Infos&#8230;<\/a><br \/>\n<img decoding=\"async\" src=\".\/wp-content\/themes\/twentyeleven\/images\/magic.jpg\" alt=\"\" \/><br \/>\n<img decoding=\"async\" src=\".\/wp-content\/themes\/twentyeleven\/images\/line.png\" alt=\"\" \/><\/p>\n<p><strong>Kaltl\u00fcfter<\/strong><br \/>\n<img decoding=\"async\" src=\".\/wp-content\/themes\/twentyeleven\/images\/kaltlufter.jpg\" alt=\"\" \/><\/p>\n<ul>\n<li>jede Form, jede Gr\u00f6\u00dfe einfach alles<\/li>\n<li>1 Jahr Garantie<\/li>\n<li>wenig Gewicht und einfach zu warten<\/li>\n<li>UV best\u00e4ndige Materialien<\/li>\n<li>extrem leises Gebl\u00e4se<\/li>\n<li>einfacher Transport und einfache Handhabung<\/li>\n<\/ul>\n<p><strong>blimps &amp; spheres<\/strong><br \/>\n<img decoding=\"async\" src=\".\/wp-content\/themes\/twentyeleven\/images\/blimps.jpg\" alt=\"\" \/><\/p>\n<ul>\n<li>Helium gef\u00fcllte Ballongebilde<\/li>\n<li>Wir liefern incl. 40m Fesselleine, Reparaturkit, F\u00fcll- und Bedienungsanleitung<\/li>\n<li>blimps von 3m bis 9,1m Durchmesser<\/li>\n<li>spheres von 1,7m bis 3m Durchmesser<\/li>\n<\/ul>\n<p><img decoding=\"async\" src=\".\/wp-content\/themes\/twentyeleven\/images\/line.png\" alt=\"\" \/><\/p>\n","protected":false},"excerpt":{"rendered":"<p>Produkte H\u00fcllen K\u00f6rbe Brenner Zubeh\u00f6r\/Parts Service Kontrollen Service Ausbildung Manuals Tekno 50 mehr Infos&#8230; the Racer mehr Infos&#8230; Solo Cloudhopper f\u00fcr Einzelg\u00e4nger mehr Infos&#8230; Duo Cloudhopper f\u00fcr die Zweisamkeit mehr Infos&#8230; Magic mehr Infos&#8230; Kaltl\u00fcfter jede Form, jede Gr\u00f6\u00dfe einfach &hellip; <a href=\"https:\/\/www.ultramagic.at\/?page_id=158\">Continue reading <span class=\"meta-nav\">&rarr;<\/span><\/a><\/p>\n","protected":false},"author":1,"featured_media":0,"parent":0,"menu_order":16,"comment_status":"closed","ping_status":"closed","template":"","meta":{"footnotes":""},"class_list":["post-158","page","type-page","status-publish","hentry"],"_links":{"self":[{"href":"https:\/\/www.ultramagic.at\/index.php?rest_route=\/wp\/v2\/pages\/158","targetHints":{"allow":["GET"]}}],"collection":[{"href":"https:\/\/www.ultramagic.at\/index.php?rest_route=\/wp\/v2\/pages"}],"about":[{"href":"https:\/\/www.ultramagic.at\/index.php?rest_route=\/wp\/v2\/types\/page"}],"author":[{"embeddable":true,"href":"https:\/\/www.ultramagic.at\/index.php?rest_route=\/wp\/v2\/users\/1"}],"replies":[{"embeddable":true,"href":"https:\/\/www.ultramagic.at\/index.php?rest_route=%2Fwp%2Fv2%2Fcomments&post=158"}],"version-history":[{"count":7,"href":"https:\/\/www.ultramagic.at\/index.php?rest_route=\/wp\/v2\/pages\/158\/revisions"}],"predecessor-version":[{"id":971,"href":"https:\/\/www.ultramagic.at\/index.php?rest_route=\/wp\/v2\/pages\/158\/revisions\/971"}],"wp:attachment":[{"href":"https:\/\/www.ultramagic.at\/index.php?rest_route=%2Fwp%2Fv2%2Fmedia&parent=158"}],"curies":[{"name":"wp","href":"https:\/\/api.w.org\/{rel}","templated":true}]}}