{"id":153,"date":"2011-12-30T12:33:59","date_gmt":"2011-12-30T12:33:59","guid":{"rendered":"http:\/\/localhost:8888\/ultramagic.at\/?page_id=153"},"modified":"2012-01-02T11:17:54","modified_gmt":"2012-01-02T11:17:54","slug":"isolierballon","status":"publish","type":"page","link":"https:\/\/www.ultramagic.at\/?page_id=153","title":{"rendered":"<span id=\"eco\">Eco<\/span>Magic"},"content":{"rendered":"<p><img decoding=\"async\" src=\".\/wp-content\/themes\/twentyeleven\/images\/eco_b700.jpg\" alt=\"\" \/><\/p>\n<p>UltraMAGIC stellt seine einzigartige Ballonbaureihe, die <span id=\"eco\">Eco<\/span>MAGIC-Ballone vor, die aus einem speziell entwickelten Isoliergewebe aerofabrix\u00ae hergestellt werden.<br \/>\nDieses Gewebe wird exklusiv f\u00fcr die Herstellung der <span id=\"eco\">Eco<\/span>MAGIC-Ballone von Ultramagic verwendet.<\/p>\n<p><strong>Hintergrund und Geschichte der\u00a0<span id=\"eco\">Eco<\/span>MAGIC-Ballonbaureihe:<\/strong><br \/>\nNach zwei Jahren Forschung und Entwicklung wurde am 25. September 2007 der erste Ultramagic <span id=\"eco\">Eco<\/span>MAGIC-Ballon gestartet. Dieser Ballon \u201eEC-KMM\u201c hat ein Volumen von 56.000 ft\u00b3 (1600m\u00b3).<br \/>\nDas Ziel war es, Leistungs- und Isolierungseffekte sowie die Betriebseigenschaften dieses Ballons zu testen,\u00a0der mit aerofabrix\u00ae Isolierungsgewebe hergestellt wurde.<br \/>\nTestfahrten von insgesamt weit \u00fcber 200 Flugstunden mit verschiedenen Fahrtprofilen, unterschiedlichen Wetterbedingungen und Fahrtdauern erlaubten es uns, wertvolle Daten und Erfahrungen mit diesem Material zu sammeln.<br \/>\nZu Beginn der ersten Fahrt wurde es offensichtlich, dass der <span id=\"eco\">Eco<\/span>MAGIC-Ballon ganz spezielle Eigenschaften aufweist. Die Leistungsf\u00e4higkeit des Materials war schnell erkannt. Heizpausen von mehreren Minuten wurden selbst bei niedriger Fahrth\u00f6he m\u00f6glich.<br \/>\nDie Ruhe erinnert fast an die Fahrt eines Gasballons.<br \/>\nWeitere Informationen k\u00f6nnen sie aus dem Pdf entnehmen.<br \/>\n<a href=\".\/wp-content\/themes\/twentyeleven\/images\/ecomagic.pdf\"> <span id=\"eco\">Eco<\/span>Magic Pdf Download <\/a><\/p>\n<p><img decoding=\"async\" src=\".\/wp-content\/themes\/twentyeleven\/images\/line.png\" alt=\"\" \/><\/p>\n","protected":false},"excerpt":{"rendered":"<p>UltraMAGIC stellt seine einzigartige Ballonbaureihe, die EcoMAGIC-Ballone vor, die aus einem speziell entwickelten Isoliergewebe aerofabrix\u00ae hergestellt werden. Dieses Gewebe wird exklusiv f\u00fcr die Herstellung der EcoMAGIC-Ballone von Ultramagic verwendet. Hintergrund und Geschichte der\u00a0EcoMAGIC-Ballonbaureihe: Nach zwei Jahren Forschung und Entwicklung wurde &hellip; <a href=\"https:\/\/www.ultramagic.at\/?page_id=153\">Continue reading <span class=\"meta-nav\">&rarr;<\/span><\/a><\/p>\n","protected":false},"author":1,"featured_media":0,"parent":0,"menu_order":14,"comment_status":"closed","ping_status":"closed","template":"","meta":{"footnotes":""},"class_list":["post-153","page","type-page","status-publish","hentry"],"_links":{"self":[{"href":"https:\/\/www.ultramagic.at\/index.php?rest_route=\/wp\/v2\/pages\/153","targetHints":{"allow":["GET"]}}],"collection":[{"href":"https:\/\/www.ultramagic.at\/index.php?rest_route=\/wp\/v2\/pages"}],"about":[{"href":"https:\/\/www.ultramagic.at\/index.php?rest_route=\/wp\/v2\/types\/page"}],"author":[{"embeddable":true,"href":"https:\/\/www.ultramagic.at\/index.php?rest_route=\/wp\/v2\/users\/1"}],"replies":[{"embeddable":true,"href":"https:\/\/www.ultramagic.at\/index.php?rest_route=%2Fwp%2Fv2%2Fcomments&post=153"}],"version-history":[{"count":2,"href":"https:\/\/www.ultramagic.at\/index.php?rest_route=\/wp\/v2\/pages\/153\/revisions"}],"predecessor-version":[{"id":341,"href":"https:\/\/www.ultramagic.at\/index.php?rest_route=\/wp\/v2\/pages\/153\/revisions\/341"}],"wp:attachment":[{"href":"https:\/\/www.ultramagic.at\/index.php?rest_route=%2Fwp%2Fv2%2Fmedia&parent=153"}],"curies":[{"name":"wp","href":"https:\/\/api.w.org\/{rel}","templated":true}]}}