{"id":106,"date":"2011-12-29T22:39:53","date_gmt":"2011-12-29T22:39:53","guid":{"rendered":"http:\/\/localhost:8888\/ultramagic.at\/?page_id=106"},"modified":"2011-12-29T22:39:53","modified_gmt":"2011-12-29T22:39:53","slug":"brenner","status":"publish","type":"page","link":"https:\/\/www.ultramagic.at\/?page_id=106","title":{"rendered":"Brenner"},"content":{"rendered":"<h2>NEU: <span id=\"powerplus\">POWERPLUS<\/span> Maxi<\/h2>\n<div id=\"imgwrapper\">\n<img decoding=\"async\" id=\"brenner4\" src=\".\/wp-content\/themes\/twentyeleven\/images\/brenner4.jpg\"\/><img decoding=\"async\" id=\"brenner5\" src=\".\/wp-content\/themes\/twentyeleven\/images\/brenner5.jpg\"\/>\n<\/div>\n<p>\n> Wie schon vom <span id=\"powerplus\">POWERPLUS<\/span> bekannt, gibt es auch hier das neue, zweistufige Fahrventilsystem pro Brenner. In der ersten Stufe wird das Fahrventil wie gewohnt bet\u00e4tigt. Zieht man den Bedienhebel \u00fcber den sp\u00fcrbaren Druckpunkt weiter durch, wird die zweite Stufe aktiviert.\n<\/p>\n<p>\n> Das aus dem D\u00fcsenkranz austretende Propan schie\u00dft zwischen der inneren und der \u00e4u\u00dferen Verdampferspirale nach oben und erhitzt hierbei das nachflie\u00dfende Fl\u00fcssiggas.\n<\/p>\n<p>\n> Dieses grundlegend neue, bahnbrechende Doppelspiralsystem liefert in jeder Fahrsituation Leistung ohne Ende.\n<\/p>\n<p>\n> Der <span id=\"powerplus\">POWERPLUS<\/span> MAXI Brenner ist f\u00fcr den gewerblichen Einsatz f\u00fcr Ballongr\u00f6\u00dfen \u00fcber 4500m\u00b3 konzipiert.\n<\/p>\n<p>\n> Wie auch beim kleinen <span id=\"powerplus\">POWERPLUS<\/span>, ergibt sich hier ein gro\u00dfes Einsparpotenzial an Gewicht und nat\u00fcrlich im Preis\n<\/p>\n<p><img decoding=\"async\" src=\".\/wp-content\/themes\/twentyeleven\/images\/line.png\"\/><\/p>\n<h2><span id=\"powerplus\">POWERPLUS<\/span><\/h2>\n<p>Die neueste Erg\u00e4nzung des Ultramagic Brennerangebotes.<br \/>\n<img decoding=\"async\" id=\"brenner7\" src=\".\/wp-content\/themes\/twentyeleven\/images\/brenner7.jpg\"\/><br \/>\nULTRAMAGIC <span id=\"powerplus\">POWERPLUS<\/span><br \/>\nMehr Leistung bei geringerem Gewicht<br \/>\n> klein<br \/>\n> leicht<br \/>\n> leistungsstark<\/p>\n<div class=\"clear\"><\/div>\n<p>Eine Innovation auf dem Brennermarkt, design von Paolo Bonanno<\/p>\n<p>\n> Der ultrakompakte <span id=\"powerplus\">POWERPLUS<\/span> Single Brenner wiegt komplett mit Rahmen und Schl\u00e4uchen nur 14 Kg. In dieser Gewichts-klasse gibt es nichts Vergleichbares am Markt. Ultramagic setzt hier neue Ma\u00dfst\u00e4be im Design, in der Auswahl der verwendeten Materialien, in der Technik und im Gewicht.<\/p>\n<p>> Das Fahrventil ist in zwei Stufen unterteilt. Die erste Stufe wird, wie gewohnt verwendet. Wird zus\u00e4tzliche Energie ben\u00f6tigt, wird die zweite Stufe bet\u00e4tigt. Sofort steht die Mehrleistung von <span id=\"powerplus\">POWERPLUS<\/span> bereit.<\/p>\n<p>> Der <span id=\"powerplus\">POWERPLUS<\/span> Single &#8211; ist nun als Alternative zu den bekannten ULTRAMAGIC MK21 Brennern erh\u00e4ltlich.<\/p>\n<p>> Wie bei herk\u00f6mmlichen Doppelbrennern gewohnt, sind alle Bedien- und Kontrollelemente doppelt vorhanden. Beim <span id=\"powerplus\">POWERPLUS<\/span> Brenner, teilen sich lediglich die beiden angeschlossenen Gaszylinder, eine Verdampferspirale und einen D\u00fcsenring.\n<\/p>\n<p><img decoding=\"async\"  height=\"314px\" width=\"300px\" src=\".\/wp-content\/themes\/twentyeleven\/images\/brenner6.jpg\"\/><br \/>\n> Der <span id=\"powerplus\">POWERPLUS<\/span> Brenner ist f\u00fcr Ballongr\u00f6\u00dfen bis 3400m\u00b3 zertifiziert. Im Preis liegt der <span id=\"powerplus\">POWERPLUS<\/span> Brenner nur unwesentlich \u00fcber dem des MK21 Single. Gegen\u00fcber einem MK21 Doppelbrenner ergibt sich ein Einsparpotential in Gewicht und im Preis.<\/p>\n<p><img decoding=\"async\" id=\"brenner5\" src=\".\/wp-content\/themes\/twentyeleven\/images\/brenner2.jpg\"\/><img decoding=\"async\" id=\"brenner4\" src=\".\/wp-content\/themes\/twentyeleven\/images\/brenner9.jpg\"\/><br \/>\n<img decoding=\"async\" src=\".\/wp-content\/themes\/twentyeleven\/images\/line.png\"\/><\/p>\n<h2>MK21 Brenner<\/h2>\n<p>Einer der leistungsst\u00e4rksten, leisesten und sch\u00f6nsten Brenner am Markt, entwickelt f\u00fcr den privaten als auch f\u00fcr den gewerblichen Piloten.<\/p>\n<p><img decoding=\"async\" id=\"brenner5\" src=\".\/wp-content\/themes\/twentyeleven\/images\/brenner1.jpg\"\/><img decoding=\"async\" id=\"brenner4\" src=\".\/wp-content\/themes\/twentyeleven\/images\/brenner3.jpg\"\/><br \/>\n<img decoding=\"async\" src=\".\/wp-content\/themes\/twentyeleven\/images\/line.png\"\/><\/p>\n<h2>Der neue MK21<\/h2>\n<ul>\n<li>einfache Handhabung und leicht zu bedienende Fahrventile<\/li>\n<li>leistungsstarke, saubere und leise Flamme<\/li>\n<li>wenig Stickstoff bei niedrigen Temperaturen<\/li>\n<li>starke und zuverl\u00e4ssige Fl\u00fcssiggaslockflamme mit instant shut off<\/li>\n<li>Monoblock Bauweise erlaubt einfache Wartung<\/li>\n<li>geringes Gewicht und formsch\u00f6ne Bauweise<\/li>\n<li>geringer Aufpreis f\u00fcr electric valve<\/li>\n<\/ul>\n<p>Wenn Sie Interesse haben den Brenner zu testen so kontaktieren Sie uns.<\/p>\n<p><img decoding=\"async\" id=\"brenner7\" src=\".\/wp-content\/themes\/twentyeleven\/images\/brenner8.jpg\"\/><br \/>\n<img decoding=\"async\" src=\".\/wp-content\/themes\/twentyeleven\/images\/line.png\"\/><\/p>\n","protected":false},"excerpt":{"rendered":"<p>NEU: POWERPLUS Maxi > Wie schon vom POWERPLUS bekannt, gibt es auch hier das neue, zweistufige Fahrventilsystem pro Brenner. In der ersten Stufe wird das Fahrventil wie gewohnt bet\u00e4tigt. Zieht man den Bedienhebel \u00fcber den sp\u00fcrbaren Druckpunkt weiter durch, wird &hellip; <a href=\"https:\/\/www.ultramagic.at\/?page_id=106\">Continue reading <span class=\"meta-nav\">&rarr;<\/span><\/a><\/p>\n","protected":false},"author":1,"featured_media":0,"parent":0,"menu_order":13,"comment_status":"closed","ping_status":"closed","template":"","meta":{"footnotes":""},"class_list":["post-106","page","type-page","status-publish","hentry"],"_links":{"self":[{"href":"https:\/\/www.ultramagic.at\/index.php?rest_route=\/wp\/v2\/pages\/106","targetHints":{"allow":["GET"]}}],"collection":[{"href":"https:\/\/www.ultramagic.at\/index.php?rest_route=\/wp\/v2\/pages"}],"about":[{"href":"https:\/\/www.ultramagic.at\/index.php?rest_route=\/wp\/v2\/types\/page"}],"author":[{"embeddable":true,"href":"https:\/\/www.ultramagic.at\/index.php?rest_route=\/wp\/v2\/users\/1"}],"replies":[{"embeddable":true,"href":"https:\/\/www.ultramagic.at\/index.php?rest_route=%2Fwp%2Fv2%2Fcomments&post=106"}],"version-history":[{"count":1,"href":"https:\/\/www.ultramagic.at\/index.php?rest_route=\/wp\/v2\/pages\/106\/revisions"}],"predecessor-version":[{"id":799,"href":"https:\/\/www.ultramagic.at\/index.php?rest_route=\/wp\/v2\/pages\/106\/revisions\/799"}],"wp:attachment":[{"href":"https:\/\/www.ultramagic.at\/index.php?rest_route=%2Fwp%2Fv2%2Fmedia&parent=106"}],"curies":[{"name":"wp","href":"https:\/\/api.w.org\/{rel}","templated":true}]}}